{"id":71,"date":"2025-10-31T19:10:17","date_gmt":"2025-10-31T19:10:17","guid":{"rendered":"https:\/\/www.primacy.ca\/contact\/"},"modified":"2025-12-02T19:31:40","modified_gmt":"2025-12-02T19:31:40","slug":"contact","status":"publish","type":"page","link":"https:\/\/www.primacy.ca\/fr\/contact\/","title":{"rendered":"Contact"},"content":{"rendered":"\n<div class=\"tbk-hydrate-component\" data-cid=\"9da30b88-22fd-4742-87bf-7a9e6c14a6ae\" data-component=\"Hero\"><section class=\"calian-hero d-flex h-100 position-relative overflow-hidden nav-indent wp-block-calian-com-components-calian-hero media-position-wallpaper overlay-themed breadcrumbs-hidden\"><div class=\"container\"><div class=\"row\"><div class=\"calian-hero__content d-flex col-lg flex-column pb-3 justify-content-center h-100 text-left\"><div class=\"calian-hero__copy-wrapper\"><h1 class=\"calian-hero__heading text-white\">Contact<\/h1><div class=\"calian-hero__text text-white mt-2 mb-4\"><br\/><\/div><\/div><\/div><div class=\"calian-hero__media col-md w-100 h-100 media-style-wallpaper position-absolute opacity-25 top-0 start-0 p-0\"><div class=\"media-wrapper ml-auto mr-0 w-100 h-100\"><div class=\"advanced-image w-100 h-100\"><img loading=\"lazy\" decoding=\"async\" src=\"https:\/\/sites.calian.com\/app\/uploads\/sites\/12\/2025\/11\/contact-hero-1024x540.jpg\" alt=\"\" width=\"1024\" height=\"540\" class=\"calian-hero__image\"\/><\/div><\/div><\/div><\/div><\/div><div class=\"calian-hero__overlay overlay-themed position-absolute w-100 h-100 top-0 start-0 has-image\"><\/div><span><\/span><\/section><\/div>\n\n<div class=\"tbk-hydrate-component\" data-cid=\"4a448335-71ec-4c33-b8c4-60e21b765b80\" data-component=\"Container\"><div class=\"container-fluid bg-light wp-block-tbk-components-container\" style=\"background-position:center;background-size:cover\"><div>\n<div class=\"tbk-hydrate-component\" data-cid=\"71f450e2-bbb8-472f-bb66-74b3cf72958d\" data-component=\"Spacer\"><div class=\"calian-spacer wp-block-calian-com-components-calian-spacer\"><\/div><\/div>\n\n\n\n<div class=\"tbk-hydrate-component\" data-cid=\"c2749cfd-f0fd-4ebb-9645-3f95bfe9e6a5\" data-component=\"Container\"><div class=\"container wp-block-tbk-components-container\" style=\"background-position:center;background-size:cover\"><div>\n<div class=\"wp-block-columns is-layout-flex wp-container-core-columns-is-layout-9d6595d7 wp-block-columns-is-layout-flex\">\n<div class=\"wp-block-column is-layout-flow wp-block-column-is-layout-flow\" style=\"flex-basis:33.33%\">\n<h2 class=\"wp-block-heading\">Coordonn\u00e9es et d\u00e9tails<\/h2>\n<\/div>\n\n\n\n<div class=\"wp-block-column is-layout-flow wp-block-column-is-layout-flow\" style=\"flex-basis:66.66%\">\n<p>Primacy Management Inc. est l&#8217;entreprise de gestion immobili\u00e8re des cliniques m\u00e9dicales situ\u00e9es dans les \u00e9piceries Loblaw\u00ae \u00e0 travers le Canada. Toutes les cliniques Primacy sont d\u00e9tenues et exploit\u00e9es de mani\u00e8re ind\u00e9pendante.<\/p>\n\n\n\n<p>Si vous \u00eates un patient en qu\u00eate de soins, veuillez contacter directement votre clinique Primacy locale pour obtenir des informations sur les prestataires de soins disponibles.<\/p>\n\n\n\n<p>Si vous souhaitez en savoir plus sur les bureaux m\u00e9dicaux de Primacy, les services disponibles et l&#8217;emplacement des cliniques, veuillez nous contacter pour plus de d\u00e9tails.<\/p>\n<\/div>\n<\/div>\n<\/div><\/div><\/div>\n\n\n\n<div class=\"tbk-hydrate-component\" data-cid=\"71f450e2-bbb8-472f-bb66-74b3cf72958d\" data-component=\"Spacer\"><div class=\"calian-spacer wp-block-calian-com-components-calian-spacer\"><\/div><\/div>\n<\/div><\/div><\/div>\n\n<div class=\"tbk-hydrate-component\" data-cid=\"71f450e2-bbb8-472f-bb66-74b3cf72958d\" data-component=\"Spacer\"><div class=\"calian-spacer wp-block-calian-com-components-calian-spacer\"><\/div><\/div>\n\n<div class=\"tbk-hydrate-component\" data-cid=\"285e3103-e0bd-4419-b898-ece46da3b400\" data-component=\"LandingPageLocation\"><div class=\"landing-page-location wp-block-calian-com-components-calian-landing-page-location\"><div class=\"landing-page-location__container container-fluid\"><div class=\"row\"><div class=\"landing-page-location__left col-12 col-lg-6\"><iframe src=\"https:\/\/www.google.com\/maps\/embed?pb=!1m18!1m12!1m3!1d2628.4776169338024!2d-79.80550437342363!3d43.34437050852734!2m3!1f0!2f0!3f0!3m2!1i1024!2i768!4f13.1!3m3!1m2!1s0x882b61dca2429111%3A0x35e8a3a454f211e3!2sPrimacy%20Management%20Inc.!5e0!3m2!1sen!2sca!4v1761944309483!5m2!1sen!2sca\" width=\"600\" height=\"450\" style=\"border:0;\" allowfullscreen=\"\" loading=\"lazy\" referrerpolicy=\"no-referrer-when-downgrade\"><\/iframe><\/div><div class=\"landing-page-location__right col-12 col-lg-6\"><p class=\"landing-page-location__sub-heading\"><span><br\/><\/span><\/p>\n<p><strong>Adresse<\/strong><br\/>#100 2321 Fairview St. Burlington, ON L7R 2E3<\/p>\n<p><strong>Heures d&#8217;ouverture<br\/><\/strong>9h \u2013 17h en semaine<\/p>\n<p><strong>Courriel<br\/><\/strong><a href=\"mailto:contact@primacy.ca\">contact@primacy.ca<\/a><br\/><br\/><strong>T\u00e9l\u00e9phone<\/strong><br\/><a href=\"tel:+18776337722\">1-877-633-7722<\/a><\/p><\/div><\/div><\/div><\/div><\/div>\n\n<div class=\"tbk-hydrate-component\" data-cid=\"a7168e62-8a43-48a8-ab3f-a6f47fb10e97\" data-component=\"Spacer\"><div class=\"calian-spacer wp-block-calian-com-components-calian-spacer\"><\/div><\/div>\n\n<div class=\"tbk-hydrate-component\" data-cid=\"574d99ee-aa70-4ecf-8dff-22ccde6e33c5\" data-component=\"CTABar\"><div class=\"calian-cta-bar theme-dark wp-block-calian-com-components-calian-cta-bar\"><div class=\"calian-cta-bar__container container-fluid\"><div class=\"calian-cta-bar__vertical container-fluid position-relative\"><div class=\"row\"><div class=\"calian-cta-bar__vertical--content col-12\"><h2 class=\"calian-cta-bar__vertical--heading\">Vous souhaitez faire de la publicit\u00e9 ?<\/h2><div class=\"calian-cta-bar__vertical--description\">Visitez notre site web PrimacyTV pour plus d&#8217;informations sur comment commencer<\/div><div class=\"calian-cta-bar__vertical--buttons\"><a href=\"https:\/\/www.primacytv.ca\/\" class=\"btn btn-primary\" target=\"_blank\" rel=\"noreferrer noopener\">PrimacyTV<\/a><\/div><\/div><\/div><\/div><\/div><\/div><\/div>\n\n<div class=\"tbk-hydrate-component\" data-cid=\"d77aaf74-1945-466a-9af1-c116185f77ea\" data-component=\"Spacer\"><div class=\"calian-spacer wp-block-calian-com-components-calian-spacer\"><\/div><\/div>\n","protected":false},"excerpt":{"rendered":"<p>Contact <br \/> Coordonn\u00e9es et d\u00e9tails <\/p>\n<p> Primacy Management Inc. est l&#8217;entreprise de gestion immobili\u00e8re des cliniques m\u00e9dicales situ\u00e9es dans les \u00e9piceries Loblaw\u00ae \u00e0 travers le Canada. Toutes les cliniques Primacy sont d\u00e9tenues et exploit\u00e9es de mani\u00e8re ind\u00e9pendante. <\/p>\n<p> Si vous \u00eates un patient en qu\u00eate de soins, veuillez contacter directement votre clinique Primacy locale pour obtenir des informations sur &hellip;<\/p>\n","protected":false},"author":1,"featured_media":0,"parent":0,"menu_order":0,"comment_status":"closed","ping_status":"closed","template":"","meta":{"_acf_changed":false,"content-type":"","footnotes":""},"solution":[],"industry":[],"type_classification":[],"class_list":["post-71","page","type-page","status-publish","hentry"],"acf":[],"yoast_head":"<!-- This site is optimized with the Yoast SEO plugin v26.4 - https:\/\/yoast.com\/wordpress\/plugins\/seo\/ -->\n<title>Contact - Primacy<\/title>\n<meta name=\"robots\" content=\"index, follow, max-snippet:-1, max-image-preview:large, max-video-preview:-1\" \/>\n<link rel=\"canonical\" href=\"https:\/\/www.primacy.ca\/fr\/contact\/\" \/>\n<meta property=\"og:locale\" content=\"fr_FR\" \/>\n<meta property=\"og:type\" content=\"article\" \/>\n<meta property=\"og:title\" content=\"Contact - Primacy\" \/>\n<meta property=\"og:description\" content=\"Contact Coordonn\u00e9es et d\u00e9tails Primacy Management Inc. est l&#8217;entreprise de gestion immobili\u00e8re des cliniques m\u00e9dicales situ\u00e9es dans les \u00e9piceries Loblaw\u00ae \u00e0 travers le Canada. Toutes les cliniques Primacy sont d\u00e9tenues et exploit\u00e9es de mani\u00e8re ind\u00e9pendante.  Si vous \u00eates un patient en qu\u00eate de soins, veuillez contacter directement votre clinique Primacy locale pour obtenir des informations sur &hellip;\" \/>\n<meta property=\"og:url\" content=\"https:\/\/www.primacy.ca\/fr\/contact\/\" \/>\n<meta property=\"og:site_name\" content=\"Primacy\" \/>\n<meta property=\"article:modified_time\" content=\"2025-12-02T19:31:40+00:00\" \/>\n<meta property=\"og:image\" content=\"https:\/\/sites.calian.com\/app\/uploads\/sites\/12\/2025\/11\/contact-hero-1024x540.jpg\" \/>\n<meta name=\"twitter:card\" content=\"summary_large_image\" \/>\n<meta name=\"twitter:label1\" content=\"Est. reading time\" \/>\n\t<meta name=\"twitter:data1\" content=\"1 minute\" \/>\n<script type=\"application\/ld+json\" class=\"yoast-schema-graph\">{\"@context\":\"https:\/\/schema.org\",\"@graph\":[{\"@type\":\"WebPage\",\"@id\":\"https:\/\/www.primacy.ca\/fr\/contact\/\",\"url\":\"https:\/\/www.primacy.ca\/fr\/contact\/\",\"name\":\"Contact - Primacy\",\"isPartOf\":{\"@id\":\"https:\/\/www.primacy.ca\/fr\/#website\"},\"primaryImageOfPage\":{\"@id\":\"https:\/\/www.primacy.ca\/fr\/contact\/#primaryimage\"},\"image\":{\"@id\":\"https:\/\/www.primacy.ca\/fr\/contact\/#primaryimage\"},\"thumbnailUrl\":\"https:\/\/sites.calian.com\/app\/uploads\/sites\/12\/2025\/11\/contact-hero-1024x540.jpg\",\"datePublished\":\"2025-10-31T19:10:17+00:00\",\"dateModified\":\"2025-12-02T19:31:40+00:00\",\"breadcrumb\":{\"@id\":\"https:\/\/www.primacy.ca\/fr\/contact\/#breadcrumb\"},\"inLanguage\":\"fr-FR\",\"potentialAction\":[{\"@type\":\"ReadAction\",\"target\":[\"https:\/\/www.primacy.ca\/fr\/contact\/\"]}]},{\"@type\":\"ImageObject\",\"inLanguage\":\"fr-FR\",\"@id\":\"https:\/\/www.primacy.ca\/fr\/contact\/#primaryimage\",\"url\":\"https:\/\/sites.calian.com\/app\/uploads\/sites\/12\/2025\/11\/contact-hero-1024x540.jpg\",\"contentUrl\":\"https:\/\/sites.calian.com\/app\/uploads\/sites\/12\/2025\/11\/contact-hero-1024x540.jpg\"},{\"@type\":\"BreadcrumbList\",\"@id\":\"https:\/\/www.primacy.ca\/fr\/contact\/#breadcrumb\",\"itemListElement\":[{\"@type\":\"ListItem\",\"position\":1,\"name\":\"Home\",\"item\":\"https:\/\/www.primacy.ca\/fr\/\"},{\"@type\":\"ListItem\",\"position\":2,\"name\":\"Contact\"}]},{\"@type\":\"WebSite\",\"@id\":\"https:\/\/www.primacy.ca\/fr\/#website\",\"url\":\"https:\/\/www.primacy.ca\/fr\/\",\"name\":\"Primacy\",\"description\":\"Primacy Management Inc.\",\"potentialAction\":[{\"@type\":\"SearchAction\",\"target\":{\"@type\":\"EntryPoint\",\"urlTemplate\":\"https:\/\/www.primacy.ca\/fr\/?s={search_term_string}\"},\"query-input\":{\"@type\":\"PropertyValueSpecification\",\"valueRequired\":true,\"valueName\":\"search_term_string\"}}],\"inLanguage\":\"fr-FR\"}]}<\/script>\n<!-- \/ Yoast SEO plugin. -->","yoast_head_json":{"title":"Contact - Primacy","robots":{"index":"index","follow":"follow","max-snippet":"max-snippet:-1","max-image-preview":"max-image-preview:large","max-video-preview":"max-video-preview:-1"},"canonical":"https:\/\/www.primacy.ca\/fr\/contact\/","og_locale":"fr_FR","og_type":"article","og_title":"Contact - Primacy","og_description":"Contact Coordonn\u00e9es et d\u00e9tails Primacy Management Inc. est l&#8217;entreprise de gestion immobili\u00e8re des cliniques m\u00e9dicales situ\u00e9es dans les \u00e9piceries Loblaw\u00ae \u00e0 travers le Canada. Toutes les cliniques Primacy sont d\u00e9tenues et exploit\u00e9es de mani\u00e8re ind\u00e9pendante.  Si vous \u00eates un patient en qu\u00eate de soins, veuillez contacter directement votre clinique Primacy locale pour obtenir des informations sur &hellip;","og_url":"https:\/\/www.primacy.ca\/fr\/contact\/","og_site_name":"Primacy","article_modified_time":"2025-12-02T19:31:40+00:00","og_image":[{"url":"https:\/\/sites.calian.com\/app\/uploads\/sites\/12\/2025\/11\/contact-hero-1024x540.jpg","type":"","width":"","height":""}],"twitter_card":"summary_large_image","twitter_misc":{"Est. reading time":"1 minute"},"schema":{"@context":"https:\/\/schema.org","@graph":[{"@type":"WebPage","@id":"https:\/\/www.primacy.ca\/fr\/contact\/","url":"https:\/\/www.primacy.ca\/fr\/contact\/","name":"Contact - Primacy","isPartOf":{"@id":"https:\/\/www.primacy.ca\/fr\/#website"},"primaryImageOfPage":{"@id":"https:\/\/www.primacy.ca\/fr\/contact\/#primaryimage"},"image":{"@id":"https:\/\/www.primacy.ca\/fr\/contact\/#primaryimage"},"thumbnailUrl":"https:\/\/sites.calian.com\/app\/uploads\/sites\/12\/2025\/11\/contact-hero-1024x540.jpg","datePublished":"2025-10-31T19:10:17+00:00","dateModified":"2025-12-02T19:31:40+00:00","breadcrumb":{"@id":"https:\/\/www.primacy.ca\/fr\/contact\/#breadcrumb"},"inLanguage":"fr-FR","potentialAction":[{"@type":"ReadAction","target":["https:\/\/www.primacy.ca\/fr\/contact\/"]}]},{"@type":"ImageObject","inLanguage":"fr-FR","@id":"https:\/\/www.primacy.ca\/fr\/contact\/#primaryimage","url":"https:\/\/sites.calian.com\/app\/uploads\/sites\/12\/2025\/11\/contact-hero-1024x540.jpg","contentUrl":"https:\/\/sites.calian.com\/app\/uploads\/sites\/12\/2025\/11\/contact-hero-1024x540.jpg"},{"@type":"BreadcrumbList","@id":"https:\/\/www.primacy.ca\/fr\/contact\/#breadcrumb","itemListElement":[{"@type":"ListItem","position":1,"name":"Home","item":"https:\/\/www.primacy.ca\/fr\/"},{"@type":"ListItem","position":2,"name":"Contact"}]},{"@type":"WebSite","@id":"https:\/\/www.primacy.ca\/fr\/#website","url":"https:\/\/www.primacy.ca\/fr\/","name":"Primacy","description":"Primacy Management Inc.","potentialAction":[{"@type":"SearchAction","target":{"@type":"EntryPoint","urlTemplate":"https:\/\/www.primacy.ca\/fr\/?s={search_term_string}"},"query-input":{"@type":"PropertyValueSpecification","valueRequired":true,"valueName":"search_term_string"}}],"inLanguage":"fr-FR"}]}},"_links":{"self":[{"href":"https:\/\/primacy.calian.com\/fr\/wp-json\/wp\/v2\/pages\/71","targetHints":{"allow":["GET"]}}],"collection":[{"href":"https:\/\/primacy.calian.com\/fr\/wp-json\/wp\/v2\/pages"}],"about":[{"href":"https:\/\/primacy.calian.com\/fr\/wp-json\/wp\/v2\/types\/page"}],"author":[{"embeddable":true,"href":"https:\/\/primacy.calian.com\/fr\/wp-json\/wp\/v2\/users\/1"}],"replies":[{"embeddable":true,"href":"https:\/\/primacy.calian.com\/fr\/wp-json\/wp\/v2\/comments?post=71"}],"version-history":[{"count":3,"href":"https:\/\/primacy.calian.com\/fr\/wp-json\/wp\/v2\/pages\/71\/revisions"}],"predecessor-version":[{"id":288,"href":"https:\/\/primacy.calian.com\/fr\/wp-json\/wp\/v2\/pages\/71\/revisions\/288"}],"wp:attachment":[{"href":"https:\/\/primacy.calian.com\/fr\/wp-json\/wp\/v2\/media?parent=71"}],"wp:term":[{"taxonomy":"solution","embeddable":true,"href":"https:\/\/primacy.calian.com\/fr\/wp-json\/wp\/v2\/solution?post=71"},{"taxonomy":"industry","embeddable":true,"href":"https:\/\/primacy.calian.com\/fr\/wp-json\/wp\/v2\/industry?post=71"},{"taxonomy":"type_classification","embeddable":true,"href":"https:\/\/primacy.calian.com\/fr\/wp-json\/wp\/v2\/type_classification?post=71"}],"curies":[{"name":"wp","href":"https:\/\/api.w.org\/{rel}","templated":true}]}}