{"id":76,"date":"2025-10-31T18:43:43","date_gmt":"2025-10-31T18:43:43","guid":{"rendered":"https:\/\/www.primacy.ca\/home\/"},"modified":"2025-12-02T19:14:12","modified_gmt":"2025-12-02T19:14:12","slug":"home","status":"publish","type":"page","link":"https:\/\/www.primacy.ca\/fr\/","title":{"rendered":"Accueil"},"content":{"rendered":"\n<div class=\"tbk-hydrate-component\" data-cid=\"a52e6cbb-d5e7-487f-be13-cda7a7ecef40\" data-component=\"MainHeroVideo\"><div class=\"calian-main-hero wp-block-calian-com-components-calian-main-hero-video\"><div class=\"main-hero-video position-relative\"><div class=\"main-hero-video__overlay-top\"><\/div><div class=\"main-hero-video__overlay-left\"><\/div><div class=\"main-hero-video__overlay-general\"><\/div><div class=\"main-hero-video__content container-fluid mw-1195px\"><div class=\"row px-3\"><div class=\"col-12 mw-641px p-0\"><h1 class=\"main-hero-video__heading text-white mb-4\">Soutenir les prestataires de soins de sant\u00e9 \u00e0 travers le Canada<\/h1><p class=\"main-hero-video__description text-white subheading mb-5\">Gestion de plus de 150 cliniques m\u00e9dicales dans les \u00e9piceries de Loblaw\u00ae, offrant un soutien op\u00e9rationnel et des services aux m\u00e9decins et aux professionnels de la sant\u00e9.<\/p><div class=\"main-hero-software__cta-buttons d-flex flex-column flex-sm-row justify-content-start pt-2\"><a href=\"https:\/\/www.primacy.ca\/fr\/contact\/\" class=\"btn btn-primary\">Devenez notre partenaire<\/a><\/div><\/div><\/div><\/div><img loading=\"lazy\" decoding=\"async\" src=\"https:\/\/sites.calian.com\/app\/uploads\/sites\/12\/2025\/11\/home-hero-1920.jpg\" alt=\"\" width=\"1920\" height=\"1080\" class=\"hero-banner__bg-img\"\/><\/div><\/div><\/div>\n\n<div class=\"tbk-hydrate-component\" data-cid=\"3ac4f717-0280-452c-941b-512c0130ad3f\" data-component=\"ServiceListingWithIcons\"><div class=\"calian-service-listing-with-icons overflow-hidden bg-light-bg position-relative wp-block-calian-com-components-calian-service-listing-with-icons\"><div class=\"container-fluid mw-1440px pt-6 pb-4 pt-lg-12 pb-lg-10 ps-3 pe-3 ps-xl-14 pe-xl-8 position-relative z-1\"><div class=\"row mb-lg-7 pb-lg-2\"><div class=\"col-12 col-lg-4\"><h2>Leader national dans la gestion de biens immobiliers m\u00e9dicaux et l&#8217;exploitation de cliniques<\/h2><\/div><div class=\"col-12 col-lg-8 ps-lg-2 pe-lg-10\"><p class=\"body-lg ps-lg-1 ls-0\">Soutenir les m\u00e9decins, les professionnels de la sant\u00e9 et les partenaires en leur apportant l&#8217;expertise, l&#8217;infrastructure et les ressources n\u00e9cessaires pour g\u00e9rer efficacement les cliniques et fournir des soins de qualit\u00e9 dans tout le Canada. Du recrutement des m\u00e9decins au soutien op\u00e9rationnel et \u00e0 l&#8217;orientation strat\u00e9gique, Primacy aide \u00e0 cr\u00e9er des environnements m\u00e9dicaux stables et bien g\u00e9r\u00e9s o\u00f9 les \u00e9quipes soignantes peuvent se concentrer sur ce qui compte le plus, leurs patients. <\/p><\/div><\/div><div class=\"row calian-service-listing-with-icons__service-grid\"><div class=\"col-12 col-md-6 col-lg-4 mb-1 mb-md-3 pb-1\"><div class=\"d-flex flex-row align-items-start mb-2\"><i class=\"fs-26px me-3 ps-1 icon icon-hpm text-primary\"><\/i><h5 class=\"mb-0 pe-5\">Recrutement et int\u00e9gration des m\u00e9decins<\/h5><\/div><p class=\"mb-3 ls-0\">Nous mettons en relation des m\u00e9decins et des professionnels de la sant\u00e9 qualifi\u00e9s avec des cliniques partenaires de confiance dans tout le Canada.<\/p><\/div><div class=\"col-12 col-md-6 col-lg-4 mb-1 mb-md-3 pb-1\"><div class=\"d-flex flex-row align-items-start mb-2\"><i class=\"fs-26px me-3 ps-1 icon icon-first-aid-kit text-primary\"><\/i><h5 class=\"mb-0 pe-5\">Soutien \u00e0 la mise en place et \u00e0 la transition des cliniques<\/h5><\/div><p class=\"mb-3 ls-0\">Nous contribuons \u00e0 la coordination et \u00e0 l&#8217;int\u00e9gration n\u00e9cessaires pour que les nouvelles cliniques et les nouveaux m\u00e9decins soient pr\u00eats \u00e0 r\u00e9ussir.<\/p><\/div><div class=\"col-12 col-md-6 col-lg-4 mb-1 mb-md-3 pb-1\"><div class=\"d-flex flex-row align-items-start mb-2\"><i class=\"fs-26px me-3 ps-1 icon icon-syringe text-primary\"><\/i><h5 class=\"mb-0 pe-5\">Coordination op\u00e9rationnelle et soutien continu<\/h5><\/div><p class=\"mb-3 ls-0\">Nous fournissons des conseils, une communication et un soutien administratif continus afin d&#8217;aider les cliniques \u00e0 fonctionner correctement au sein du r\u00e9seau Primacy.<\/p><\/div><\/div><\/div><\/div><\/div>\n\n<div class=\"tbk-hydrate-component\" data-cid=\"ed5b190a-8ba0-443e-a0b9-92fb1c7f9ce2\" data-component=\"Spacer\"><div class=\"calian-spacer wp-block-calian-com-components-calian-spacer\"><\/div><\/div>\n\n<div class=\"tbk-hydrate-component\" data-cid=\"53a9f207-cd86-497c-b08c-98cf926eb9da\" data-component=\"CTABar\"><div class=\"calian-cta-bar theme-dark wp-block-calian-com-components-calian-cta-bar\"><div class=\"calian-cta-bar__container container-fluid\"><div class=\"calian-cta-bar__horizontal container-fluid\"><div class=\"row\"><div class=\"calian-cta-bar__horizontal--left col-12 col-lg-3 col-xl-2\"><div class=\"calian-cta-bar__horizontal--logo\"><img decoding=\"async\" src=\"https:\/\/sites.calian.com\/app\/uploads\/sites\/12\/2025\/11\/logo-colour.svg\" alt=\"\" class=\"w-100 h-auto\"\/><\/div><\/div><div class=\"calian-cta-bar__horizontal--center col-12 col-lg-6 col-xl-7\"><div class=\"calian-cta-bar__horizontal--text\"><p>Proudly part of Calian Group Ltd., advancing healthcare access nationwide. Committed to providing well-managed, patient-focused clinic environments. <\/p><\/div><\/div><div class=\"calian-cta-bar__horizontal--right col-12 col-lg-3 col-xl-3\"><\/div><\/div><\/div><\/div><\/div><\/div>\n\n<div class=\"tbk-hydrate-component\" data-cid=\"105e2c8b-77a1-4177-bd33-ae01f9b70ba8\" data-component=\"Spacer\"><div class=\"calian-spacer wp-block-calian-com-components-calian-spacer\"><\/div><\/div>\n\n<div class=\"tbk-hydrate-component\" data-cid=\"01be7054-888a-48a7-90b9-06d79e28f5d3\" data-component=\"CalianContainer\"><div class=\"calian-container calian-container-post text-center wp-block-calian-com-components-calian-container\"><div>\n<h2 class=\"wp-block-heading has-text-align-center has-large-font-size\">Notre r\u00e9seau s&#8217;\u00e9tend d&#8217;un oc\u00e9an \u00e0 l&#8217;autre, de la Colombie-Britannique \u00e0 Terre-Neuve.<\/h2>\n\n\n\n<div class=\"tbk-hydrate-component\" data-cid=\"97eb7773-9499-4563-8ca1-81ef5ad84822\" data-component=\"Spacer\"><div class=\"calian-spacer calian-spacer--small wp-block-calian-com-components-calian-spacer\"><\/div><\/div>\n\n\n<div class=\"wp-block-image\">\n<figure class=\"aligncenter size-full is-resized\"><img loading=\"lazy\" decoding=\"async\" width=\"2000\" height=\"1000\" src=\"https:\/\/sites.calian.com\/app\/uploads\/sites\/12\/2025\/11\/image-1.jpg\" alt=\"\" class=\"wp-image-265\" style=\"width:1014px\" srcset=\"https:\/\/sites.calian.com\/app\/uploads\/sites\/12\/2025\/11\/image-1.jpg 2000w, https:\/\/sites.calian.com\/app\/uploads\/sites\/12\/2025\/11\/image-1-300x150.jpg 300w, https:\/\/sites.calian.com\/app\/uploads\/sites\/12\/2025\/11\/image-1-1024x512.jpg 1024w, https:\/\/sites.calian.com\/app\/uploads\/sites\/12\/2025\/11\/image-1-768x384.jpg 768w, https:\/\/sites.calian.com\/app\/uploads\/sites\/12\/2025\/11\/image-1-1536x768.jpg 1536w\" sizes=\"auto, (max-width: 2000px) 100vw, 2000px\" \/><\/figure><\/div><\/div><\/div><\/div>\n\n<div class=\"tbk-hydrate-component\" data-cid=\"9569960d-b2bf-40a0-8f8c-755264387006\" data-component=\"CTABar\"><div class=\"calian-cta-bar theme-light wp-block-calian-com-components-calian-cta-bar\"><div class=\"calian-cta-bar__container container-fluid\"><div class=\"calian-cta-bar__vertical container-fluid position-relative\"><div class=\"row\"><div class=\"calian-cta-bar__vertical--content col-12\"><h2 class=\"calian-cta-bar__vertical--heading\">Empowering Better Healthcare Across Canada<\/h2><div class=\"calian-cta-bar__vertical--description\"><h4>Un partenariat fond\u00e9 sur la confiance et la collaboration<\/h4>\n<p><br\/><\/p>\n<p>D\u00e9couvrez comment notre \u00e9quipe nationale soutient plus de 150 cliniques m\u00e9dicales \u00e0 travers le Canada par le biais de la gestion immobili\u00e8re, de solutions op\u00e9rationnelles et de partenariats avec des m\u00e9decins.<\/p><\/div><div class=\"calian-cta-bar__vertical--buttons\"><a href=\"https:\/\/www.primacy.ca\/fr\/about-us\/\" class=\"btn btn-primary\"><i class=\"icon icon-question\"><\/i>D\u00e9couvrez comment nous soutenons<\/a><\/div><\/div><\/div><\/div><\/div><\/div><\/div>\n\n<div class=\"tbk-hydrate-component\" data-cid=\"b6ab64da-1251-4221-8084-b789fff4e251\" data-component=\"Spacer\"><div class=\"calian-spacer wp-block-calian-com-components-calian-spacer\"><\/div><\/div>\n","protected":false},"excerpt":{"rendered":"<p>Soutenir les prestataires de soins de sant\u00e9 \u00e0 travers le Canada <\/p>\n<p class=\"main-hero-video__description text-white subheading mb-5\"> Gestion de plus de 150 cliniques m\u00e9dicales dans les \u00e9piceries de Loblaw\u00ae, offrant un soutien op\u00e9rationnel et des services aux m\u00e9decins et aux professionnels de la sant\u00e9. <\/p>\n<p> <a href=\"https:\/\/www.primacy.ca\/fr\/contact\/\" class=\"btn btn-primary\"> Devenez notre partenaire <\/a> Leader national dans la gestion de biens immobiliers &hellip;<\/p>\n","protected":false},"author":1,"featured_media":0,"parent":0,"menu_order":0,"comment_status":"closed","ping_status":"closed","template":"","meta":{"_acf_changed":false,"content-type":"","footnotes":""},"solution":[],"industry":[],"type_classification":[],"class_list":["post-76","page","type-page","status-publish","hentry"],"acf":[],"yoast_head":"<!-- This site is optimized with the Yoast SEO plugin v26.4 - https:\/\/yoast.com\/wordpress\/plugins\/seo\/ -->\n<title>Accueil - Primacy<\/title>\n<meta name=\"robots\" content=\"index, follow, max-snippet:-1, max-image-preview:large, max-video-preview:-1\" \/>\n<link rel=\"canonical\" href=\"https:\/\/www.primacy.ca\/fr\/\" \/>\n<meta property=\"og:locale\" content=\"fr_FR\" \/>\n<meta property=\"og:type\" content=\"article\" \/>\n<meta property=\"og:title\" content=\"Accueil - Primacy\" \/>\n<meta property=\"og:description\" content=\"Soutenir les prestataires de soins de sant\u00e9 \u00e0 travers le Canada Gestion de plus de 150 cliniques m\u00e9dicales dans les \u00e9piceries de Loblaw\u00ae, offrant un soutien op\u00e9rationnel et des services aux m\u00e9decins et aux professionnels de la sant\u00e9.  Devenez notre partenaire Leader national dans la gestion de biens immobiliers &hellip;\" \/>\n<meta property=\"og:url\" content=\"https:\/\/www.primacy.ca\/fr\/\" \/>\n<meta property=\"og:site_name\" content=\"Primacy\" \/>\n<meta property=\"article:modified_time\" content=\"2025-12-02T19:14:12+00:00\" \/>\n<meta property=\"og:image\" content=\"https:\/\/sites.calian.com\/app\/uploads\/sites\/12\/2025\/11\/home-hero-1920.jpg\" \/>\n<meta name=\"twitter:card\" content=\"summary_large_image\" \/>\n<meta name=\"twitter:label1\" content=\"Est. reading time\" \/>\n\t<meta name=\"twitter:data1\" content=\"2 minutes\" \/>\n<script type=\"application\/ld+json\" class=\"yoast-schema-graph\">{\"@context\":\"https:\/\/schema.org\",\"@graph\":[{\"@type\":\"WebPage\",\"@id\":\"https:\/\/www.primacy.ca\/fr\/\",\"url\":\"https:\/\/www.primacy.ca\/fr\/\",\"name\":\"Accueil - Primacy\",\"isPartOf\":{\"@id\":\"https:\/\/www.primacy.ca\/fr\/#website\"},\"primaryImageOfPage\":{\"@id\":\"https:\/\/www.primacy.ca\/fr\/#primaryimage\"},\"image\":{\"@id\":\"https:\/\/www.primacy.ca\/fr\/#primaryimage\"},\"thumbnailUrl\":\"https:\/\/sites.calian.com\/app\/uploads\/sites\/12\/2025\/11\/home-hero-1920.jpg\",\"datePublished\":\"2025-10-31T18:43:43+00:00\",\"dateModified\":\"2025-12-02T19:14:12+00:00\",\"breadcrumb\":{\"@id\":\"https:\/\/www.primacy.ca\/fr\/#breadcrumb\"},\"inLanguage\":\"fr-FR\",\"potentialAction\":[{\"@type\":\"ReadAction\",\"target\":[\"https:\/\/www.primacy.ca\/fr\/\"]}]},{\"@type\":\"ImageObject\",\"inLanguage\":\"fr-FR\",\"@id\":\"https:\/\/www.primacy.ca\/fr\/#primaryimage\",\"url\":\"https:\/\/sites.calian.com\/app\/uploads\/sites\/12\/2025\/11\/home-hero-1920.jpg\",\"contentUrl\":\"https:\/\/sites.calian.com\/app\/uploads\/sites\/12\/2025\/11\/home-hero-1920.jpg\"},{\"@type\":\"BreadcrumbList\",\"@id\":\"https:\/\/www.primacy.ca\/fr\/#breadcrumb\",\"itemListElement\":[{\"@type\":\"ListItem\",\"position\":1,\"name\":\"Home\",\"item\":\"https:\/\/www.primacy.ca\/fr\/\"},{\"@type\":\"ListItem\",\"position\":2,\"name\":\"Accueil\"}]},{\"@type\":\"WebSite\",\"@id\":\"https:\/\/www.primacy.ca\/fr\/#website\",\"url\":\"https:\/\/www.primacy.ca\/fr\/\",\"name\":\"Primacy\",\"description\":\"Primacy Management Inc.\",\"potentialAction\":[{\"@type\":\"SearchAction\",\"target\":{\"@type\":\"EntryPoint\",\"urlTemplate\":\"https:\/\/www.primacy.ca\/fr\/?s={search_term_string}\"},\"query-input\":{\"@type\":\"PropertyValueSpecification\",\"valueRequired\":true,\"valueName\":\"search_term_string\"}}],\"inLanguage\":\"fr-FR\"}]}<\/script>\n<!-- \/ Yoast SEO plugin. -->","yoast_head_json":{"title":"Accueil - Primacy","robots":{"index":"index","follow":"follow","max-snippet":"max-snippet:-1","max-image-preview":"max-image-preview:large","max-video-preview":"max-video-preview:-1"},"canonical":"https:\/\/www.primacy.ca\/fr\/","og_locale":"fr_FR","og_type":"article","og_title":"Accueil - Primacy","og_description":"Soutenir les prestataires de soins de sant\u00e9 \u00e0 travers le Canada Gestion de plus de 150 cliniques m\u00e9dicales dans les \u00e9piceries de Loblaw\u00ae, offrant un soutien op\u00e9rationnel et des services aux m\u00e9decins et aux professionnels de la sant\u00e9.  Devenez notre partenaire Leader national dans la gestion de biens immobiliers &hellip;","og_url":"https:\/\/www.primacy.ca\/fr\/","og_site_name":"Primacy","article_modified_time":"2025-12-02T19:14:12+00:00","og_image":[{"url":"https:\/\/sites.calian.com\/app\/uploads\/sites\/12\/2025\/11\/home-hero-1920.jpg","type":"","width":"","height":""}],"twitter_card":"summary_large_image","twitter_misc":{"Est. reading time":"2 minutes"},"schema":{"@context":"https:\/\/schema.org","@graph":[{"@type":"WebPage","@id":"https:\/\/www.primacy.ca\/fr\/","url":"https:\/\/www.primacy.ca\/fr\/","name":"Accueil - Primacy","isPartOf":{"@id":"https:\/\/www.primacy.ca\/fr\/#website"},"primaryImageOfPage":{"@id":"https:\/\/www.primacy.ca\/fr\/#primaryimage"},"image":{"@id":"https:\/\/www.primacy.ca\/fr\/#primaryimage"},"thumbnailUrl":"https:\/\/sites.calian.com\/app\/uploads\/sites\/12\/2025\/11\/home-hero-1920.jpg","datePublished":"2025-10-31T18:43:43+00:00","dateModified":"2025-12-02T19:14:12+00:00","breadcrumb":{"@id":"https:\/\/www.primacy.ca\/fr\/#breadcrumb"},"inLanguage":"fr-FR","potentialAction":[{"@type":"ReadAction","target":["https:\/\/www.primacy.ca\/fr\/"]}]},{"@type":"ImageObject","inLanguage":"fr-FR","@id":"https:\/\/www.primacy.ca\/fr\/#primaryimage","url":"https:\/\/sites.calian.com\/app\/uploads\/sites\/12\/2025\/11\/home-hero-1920.jpg","contentUrl":"https:\/\/sites.calian.com\/app\/uploads\/sites\/12\/2025\/11\/home-hero-1920.jpg"},{"@type":"BreadcrumbList","@id":"https:\/\/www.primacy.ca\/fr\/#breadcrumb","itemListElement":[{"@type":"ListItem","position":1,"name":"Home","item":"https:\/\/www.primacy.ca\/fr\/"},{"@type":"ListItem","position":2,"name":"Accueil"}]},{"@type":"WebSite","@id":"https:\/\/www.primacy.ca\/fr\/#website","url":"https:\/\/www.primacy.ca\/fr\/","name":"Primacy","description":"Primacy Management Inc.","potentialAction":[{"@type":"SearchAction","target":{"@type":"EntryPoint","urlTemplate":"https:\/\/www.primacy.ca\/fr\/?s={search_term_string}"},"query-input":{"@type":"PropertyValueSpecification","valueRequired":true,"valueName":"search_term_string"}}],"inLanguage":"fr-FR"}]}},"_links":{"self":[{"href":"https:\/\/primacy.calian.com\/fr\/wp-json\/wp\/v2\/pages\/76","targetHints":{"allow":["GET"]}}],"collection":[{"href":"https:\/\/primacy.calian.com\/fr\/wp-json\/wp\/v2\/pages"}],"about":[{"href":"https:\/\/primacy.calian.com\/fr\/wp-json\/wp\/v2\/types\/page"}],"author":[{"embeddable":true,"href":"https:\/\/primacy.calian.com\/fr\/wp-json\/wp\/v2\/users\/1"}],"replies":[{"embeddable":true,"href":"https:\/\/primacy.calian.com\/fr\/wp-json\/wp\/v2\/comments?post=76"}],"version-history":[{"count":5,"href":"https:\/\/primacy.calian.com\/fr\/wp-json\/wp\/v2\/pages\/76\/revisions"}],"predecessor-version":[{"id":285,"href":"https:\/\/primacy.calian.com\/fr\/wp-json\/wp\/v2\/pages\/76\/revisions\/285"}],"wp:attachment":[{"href":"https:\/\/primacy.calian.com\/fr\/wp-json\/wp\/v2\/media?parent=76"}],"wp:term":[{"taxonomy":"solution","embeddable":true,"href":"https:\/\/primacy.calian.com\/fr\/wp-json\/wp\/v2\/solution?post=76"},{"taxonomy":"industry","embeddable":true,"href":"https:\/\/primacy.calian.com\/fr\/wp-json\/wp\/v2\/industry?post=76"},{"taxonomy":"type_classification","embeddable":true,"href":"https:\/\/primacy.calian.com\/fr\/wp-json\/wp\/v2\/type_classification?post=76"}],"curies":[{"name":"wp","href":"https:\/\/api.w.org\/{rel}","templated":true}]}}