{"id":80,"date":"2025-10-31T18:43:08","date_gmt":"2025-10-31T18:43:08","guid":{"rendered":"https:\/\/www.primacy.ca\/about-us\/"},"modified":"2025-12-02T19:18:08","modified_gmt":"2025-12-02T19:18:08","slug":"about-us","status":"publish","type":"page","link":"https:\/\/www.primacy.ca\/fr\/about-us\/","title":{"rendered":"\u00c0 propos de nous"},"content":{"rendered":"\n<div class=\"tbk-hydrate-component\" data-cid=\"ea2a00f3-13cb-4043-bcc5-36509297987c\" data-component=\"Hero\"><section class=\"calian-hero d-flex h-100 position-relative overflow-hidden nav-indent wp-block-calian-com-components-calian-hero media-position-wallpaper overlay-themed breadcrumbs-hidden\"><div class=\"container\"><div class=\"row\"><div class=\"calian-hero__content d-flex col-lg flex-column pb-3 justify-content-center h-100 text-left\"><div class=\"calian-hero__copy-wrapper\"><h1 class=\"calian-hero__heading text-white\">\u00c0 propos de nous<\/h1><div class=\"calian-hero__text text-white mt-2 mb-4\">Une division de Calian Group Ltd. qui soutient depuis plus de 25 ans des soins de sant\u00e9 accessibles, efficaces et bas\u00e9s sur la communaut\u00e9.<\/div><\/div><\/div><div class=\"calian-hero__media col-md w-100 h-100 media-style-wallpaper position-absolute opacity-25 top-0 start-0 p-0\"><div class=\"media-wrapper ml-auto mr-0 w-100 h-100\"><div class=\"advanced-image w-100 h-100\"><img loading=\"lazy\" decoding=\"async\" src=\"https:\/\/sites.calian.com\/app\/uploads\/sites\/12\/2025\/11\/iStock-1807380825-edited-1024x683.jpg\" alt=\"\" width=\"1024\" height=\"683\" class=\"calian-hero__image\"\/><\/div><\/div><\/div><\/div><\/div><div class=\"calian-hero__overlay overlay-themed position-absolute w-100 h-100 top-0 start-0 has-image\"><\/div><span><\/span><\/section><\/div>\n\n\n\n<div class=\"tbk-hydrate-component\" data-cid=\"f28a6209-7bbe-47fb-92f8-afd5beaafe8a\" data-component=\"ServiceListingWithIcons\"><div class=\"calian-service-listing-with-icons overflow-hidden bg-light-bg position-relative wp-block-calian-com-components-calian-service-listing-with-icons\"><div class=\"container-fluid mw-1440px pt-6 pb-4 pt-lg-12 pb-lg-10 ps-3 pe-3 ps-xl-14 pe-xl-8 position-relative z-1\"><div class=\"row mb-lg-7 pb-lg-2\"><div class=\"col-12 col-lg-4\"><h2>Plus de 25 ans de gestion de biens m\u00e9dicaux<\/h2><\/div><div class=\"col-12 col-lg-8 ps-lg-2 pe-lg-10\"><p class=\"body-lg ps-lg-1 ls-0\">Primacy Management Inc, une soci\u00e9t\u00e9 Calian, est la plus grande soci\u00e9t\u00e9 ind\u00e9pendante de gestion de biens m\u00e9dicaux au Canada, avec plus de 800 m\u00e9decins fournissant des services de soins de sant\u00e9 primaires \u00e0 plus de 6 millions de patients par an. Notre mission est de soutenir l&#x27;accessibilit\u00e9, l&#x27;efficacit\u00e9 et l&#x27;expertise en mati\u00e8re de soins de sant\u00e9 communautaires dans les domaines suivants : <\/p><\/div><\/div><div class=\"row calian-service-listing-with-icons__service-grid\"><div class=\"col-12 col-md-6 col-lg-4 mb-1 mb-md-3 pb-1\"><div class=\"d-flex flex-row align-items-start mb-2\"><i class=\"fs-26px me-3 ps-1 icon icon-hpm text-primary\"><\/i><h5 class=\"mb-0 pe-5\">Soutien \u00e0 la mise en place et \u00e0 l&#x27;int\u00e9gration des cliniques<\/h5><\/div><\/div><div class=\"col-12 col-md-6 col-lg-4 mb-1 mb-md-3 pb-1\"><div class=\"d-flex flex-row align-items-start mb-2\"><i class=\"fs-26px me-3 ps-1 icon icon-user-list text-primary\"><\/i><h5 class=\"mb-0 pe-5\">Recrutement et int\u00e9gration des m\u00e9decins et des professions param\u00e9dicales<\/h5><\/div><\/div><div class=\"col-12 col-md-6 col-lg-4 mb-1 mb-md-3 pb-1\"><div class=\"d-flex flex-row align-items-start mb-2\"><i class=\"fs-26px me-3 ps-1 icon icon-office-chair text-primary\"><\/i><h5 class=\"mb-0 pe-5\">Coordination de l&#x27;entretien et de la r\u00e9novation des installations<\/h5><\/div><\/div><\/div><\/div><\/div><\/div>\n\n\n\n<div class=\"tbk-hydrate-component\" data-cid=\"1e97f852-5c45-417f-8d12-f42d3c52da27\" data-component=\"StatsBar\"><div class=\"calian-stats-bar theme-dark wp-block-calian-com-components-calian-stats-bar\"><div class=\"container-fluid layout-simple\"><div class=\"row mw-1830px mx-auto\"><div class=\"col-12 col-sm col-lg\"><div><div class=\"d-flex justify-content-center p-1\"><div class=\"spinner-border text-primary \" role=\"status\" style=\"width:3rem;height:3rem\"><span class=\"visually-hidden\">Loading&#8230;<\/span><\/div><\/div><\/div><\/div><div class=\"col-12 col-sm col-lg\"><div><div class=\"d-flex justify-content-center p-1\"><div class=\"spinner-border text-primary \" role=\"status\" style=\"width:3rem;height:3rem\"><span class=\"visually-hidden\">Loading&#8230;<\/span><\/div><\/div><\/div><\/div><\/div><\/div><\/div><\/div>\n\n\n\n<div class=\"tbk-hydrate-component\" data-cid=\"ffc93c0f-7f2d-4bd9-ba23-46a7060f2a79\" data-component=\"Spacer\"><div class=\"calian-spacer wp-block-calian-com-components-calian-spacer\"><\/div><\/div>\n\n\n\n<div class=\"tbk-hydrate-component\" data-cid=\"2d1d5445-8024-44a5-9e40-1f0b314262c5\" data-component=\"AlternatingTextAndImages\"><div class=\"calian-alternating-text-and-images overflow-hidden wp-block-calian-com-components-calian-alternating-text-and-images\"><div class=\"calian-alternating-text-and-images__container container-fluid\"><div class=\"\"><div class=\"row gx-md-6 justify-content-lg-start justify-content-lg-start\"><div class=\"col-12 col-md mb-3\"><img loading=\"lazy\" decoding=\"async\" src=\"https:\/\/sites.calian.com\/app\/uploads\/sites\/12\/2025\/11\/iStock-1755140492-edited-1024x683.jpg\" alt=\"\" width=\"1024\" height=\"683\" class=\"rounded-5 img-fluid w-100 h-250px h-md-373px object-fit-cover\"\/><\/div><div class=\"col-12 col-md\"><h3>Partenaire de confiance des cliniques de sant\u00e9 en magasin depuis 2003<\/h3><div class=\"calian-alternating-text-and-images__text mb-3\">Depuis 2003, Primacy travaille exclusivement avec Loblaw\u00ae pour concevoir, construire et g\u00e9rer des cliniques de sant\u00e9 en magasin afin de soutenir les initiatives de Loblaw en mati\u00e8re de sant\u00e9 et de bien-\u00eatre. Guid\u00e9e par ses valeurs de collaboration, de fiabilit\u00e9 et d&#8217;engagement envers l&#8217;excellence en mati\u00e8re de soins de sant\u00e9, Primacy exploite actuellement plus de 150 cliniques dans les \u00e9piceries de Loblaw\u00ae, dont Real Canadian Superstore\u00ae, Zehrs\u00ae, Loblaws\u00ae et No Frills\u00ae. <\/div><div class=\"calian-alternating-text-and-images__ctas mb-3 d-flex flex-wrap gap-3\"><\/div><\/div><\/div><\/div><\/div><\/div><\/div>\n\n\n\n<div class=\"tbk-hydrate-component\" data-cid=\"e994c612-4f35-40f9-9e91-36f08131147c\" data-component=\"Spacer\"><div class=\"calian-spacer wp-block-calian-com-components-calian-spacer\"><\/div><\/div>\n\n\n\n<div class=\"tbk-hydrate-component\" data-cid=\"25704fe1-cbe6-467a-bb16-a1cb0f50b128\" data-component=\"VideoShowcase\"><div class=\"video-showcase px-3 py-5 py-lg-8 overlay-themed wp-block-calian-com-components-calian-video-showcase\"><div class=\"video-showcase__container align-items-center mw-1240px d-flex gap-5 flex-column flex-lg-row align-items-lg-start\"><div class=\"video-showcase__content align-items-center align-items-lg-start horizontal-sizing d-inline-flex flex-column gap-3\"><h2 class=\"video-showcase__heading mb-0 text-white text-center text-md-left\">Nos principes de valeur<\/h2><div class=\"video-showcase__copy\"><div class=\"text-white text-center text-lg-start\">Chez Primacy, nos valeurs fa\u00e7onnent chaque partenariat et chaque d\u00e9cision, guidant la mani\u00e8re dont nous soutenons les m\u00e9decins, les \u00e9quipes cliniques et les communaut\u00e9s qu&#8217;ils servent en \u00e9tablissant des relations durables qui aident les professionnels de la sant\u00e9 \u00e0 fournir des soins de qualit\u00e9 en toute confiance.<\/p>\n<ul>\n  <li>Collaboration<\/li>\n  <li>Fiabilit\u00e9<\/li>\n  <li>Engagement en faveur de l&#8217;excellence des soins de sant\u00e9<\/li>\n<\/ul><\/div><\/div><\/div><div class=\"video-showcase__video-wrapper flex-grow-1 flex-shrink-0 w-100 w-lg-auto\"><div class=\"video-showcase__video mx-auto rounded-5\" style=\"background-image:url(&quot;https:\/\/sites.calian.com\/app\/uploads\/sites\/12\/2025\/11\/video-thumb-1024x576.jpg&quot;);aspect-ratio:16\/9\"><button class=\"btn-play\">Lire la vid\u00e9o<\/button><\/div><\/div><\/div><\/div><\/div>\n","protected":false},"excerpt":{"rendered":"<p>\u00c0 propos de nous Une division de Calian Group Ltd. qui soutient depuis plus de 25 ans des soins de sant\u00e9 accessibles, efficaces et bas\u00e9s sur la communaut\u00e9. Plus de 25 ans de gestion de biens m\u00e9dicaux <\/p>\n<p class=\"body-lg ps-lg-1 ls-0\"> Primacy Management Inc, une soci\u00e9t\u00e9 Calian, est la plus grande soci\u00e9t\u00e9 ind\u00e9pendante de gestion de biens m\u00e9dicaux au Canada, &hellip;<\/p>\n","protected":false},"author":1,"featured_media":0,"parent":0,"menu_order":0,"comment_status":"closed","ping_status":"closed","template":"","meta":{"_acf_changed":false,"content-type":"","footnotes":""},"solution":[],"industry":[],"type_classification":[],"class_list":["post-80","page","type-page","status-publish","hentry"],"acf":[],"yoast_head":"<!-- This site is optimized with the Yoast SEO plugin v26.4 - https:\/\/yoast.com\/wordpress\/plugins\/seo\/ -->\n<title>\u00c0 propos de nous - Primacy<\/title>\n<meta name=\"robots\" content=\"index, follow, max-snippet:-1, max-image-preview:large, max-video-preview:-1\" \/>\n<link rel=\"canonical\" href=\"https:\/\/www.primacy.ca\/fr\/about-us\/\" \/>\n<meta property=\"og:locale\" content=\"fr_FR\" \/>\n<meta property=\"og:type\" content=\"article\" \/>\n<meta property=\"og:title\" content=\"\u00c0 propos de nous - Primacy\" \/>\n<meta property=\"og:description\" content=\"\u00c0 propos de nous Une division de Calian Group Ltd. qui soutient depuis plus de 25 ans des soins de sant\u00e9 accessibles, efficaces et bas\u00e9s sur la communaut\u00e9. Plus de 25 ans de gestion de biens m\u00e9dicaux Primacy Management Inc, une soci\u00e9t\u00e9 Calian, est la plus grande soci\u00e9t\u00e9 ind\u00e9pendante de gestion de biens m\u00e9dicaux au Canada, &hellip;\" \/>\n<meta property=\"og:url\" content=\"https:\/\/www.primacy.ca\/fr\/about-us\/\" \/>\n<meta property=\"og:site_name\" content=\"Primacy\" \/>\n<meta property=\"article:modified_time\" content=\"2025-12-02T19:18:08+00:00\" \/>\n<meta property=\"og:image\" content=\"https:\/\/sites.calian.com\/app\/uploads\/sites\/12\/2025\/11\/iStock-1807380825-edited-1024x683.jpg\" \/>\n<meta name=\"twitter:card\" content=\"summary_large_image\" \/>\n<meta name=\"twitter:label1\" content=\"Est. reading time\" \/>\n\t<meta name=\"twitter:data1\" content=\"2 minutes\" \/>\n<script type=\"application\/ld+json\" class=\"yoast-schema-graph\">{\"@context\":\"https:\/\/schema.org\",\"@graph\":[{\"@type\":\"WebPage\",\"@id\":\"https:\/\/www.primacy.ca\/fr\/about-us\/\",\"url\":\"https:\/\/www.primacy.ca\/fr\/about-us\/\",\"name\":\"\u00c0 propos de nous - Primacy\",\"isPartOf\":{\"@id\":\"https:\/\/www.primacy.ca\/fr\/#website\"},\"primaryImageOfPage\":{\"@id\":\"https:\/\/www.primacy.ca\/fr\/about-us\/#primaryimage\"},\"image\":{\"@id\":\"https:\/\/www.primacy.ca\/fr\/about-us\/#primaryimage\"},\"thumbnailUrl\":\"https:\/\/sites.calian.com\/app\/uploads\/sites\/12\/2025\/11\/iStock-1807380825-edited-1024x683.jpg\",\"datePublished\":\"2025-10-31T18:43:08+00:00\",\"dateModified\":\"2025-12-02T19:18:08+00:00\",\"breadcrumb\":{\"@id\":\"https:\/\/www.primacy.ca\/fr\/about-us\/#breadcrumb\"},\"inLanguage\":\"fr-FR\",\"potentialAction\":[{\"@type\":\"ReadAction\",\"target\":[\"https:\/\/www.primacy.ca\/fr\/about-us\/\"]}]},{\"@type\":\"ImageObject\",\"inLanguage\":\"fr-FR\",\"@id\":\"https:\/\/www.primacy.ca\/fr\/about-us\/#primaryimage\",\"url\":\"https:\/\/sites.calian.com\/app\/uploads\/sites\/12\/2025\/11\/iStock-1807380825-edited-1024x683.jpg\",\"contentUrl\":\"https:\/\/sites.calian.com\/app\/uploads\/sites\/12\/2025\/11\/iStock-1807380825-edited-1024x683.jpg\"},{\"@type\":\"BreadcrumbList\",\"@id\":\"https:\/\/www.primacy.ca\/fr\/about-us\/#breadcrumb\",\"itemListElement\":[{\"@type\":\"ListItem\",\"position\":1,\"name\":\"Home\",\"item\":\"https:\/\/www.primacy.ca\/fr\/\"},{\"@type\":\"ListItem\",\"position\":2,\"name\":\"\u00c0 propos de nous\"}]},{\"@type\":\"WebSite\",\"@id\":\"https:\/\/www.primacy.ca\/fr\/#website\",\"url\":\"https:\/\/www.primacy.ca\/fr\/\",\"name\":\"Primacy\",\"description\":\"Primacy Management Inc.\",\"potentialAction\":[{\"@type\":\"SearchAction\",\"target\":{\"@type\":\"EntryPoint\",\"urlTemplate\":\"https:\/\/www.primacy.ca\/fr\/?s={search_term_string}\"},\"query-input\":{\"@type\":\"PropertyValueSpecification\",\"valueRequired\":true,\"valueName\":\"search_term_string\"}}],\"inLanguage\":\"fr-FR\"}]}<\/script>\n<!-- \/ Yoast SEO plugin. -->","yoast_head_json":{"title":"\u00c0 propos de nous - Primacy","robots":{"index":"index","follow":"follow","max-snippet":"max-snippet:-1","max-image-preview":"max-image-preview:large","max-video-preview":"max-video-preview:-1"},"canonical":"https:\/\/www.primacy.ca\/fr\/about-us\/","og_locale":"fr_FR","og_type":"article","og_title":"\u00c0 propos de nous - Primacy","og_description":"\u00c0 propos de nous Une division de Calian Group Ltd. qui soutient depuis plus de 25 ans des soins de sant\u00e9 accessibles, efficaces et bas\u00e9s sur la communaut\u00e9. Plus de 25 ans de gestion de biens m\u00e9dicaux Primacy Management Inc, une soci\u00e9t\u00e9 Calian, est la plus grande soci\u00e9t\u00e9 ind\u00e9pendante de gestion de biens m\u00e9dicaux au Canada, &hellip;","og_url":"https:\/\/www.primacy.ca\/fr\/about-us\/","og_site_name":"Primacy","article_modified_time":"2025-12-02T19:18:08+00:00","og_image":[{"url":"https:\/\/sites.calian.com\/app\/uploads\/sites\/12\/2025\/11\/iStock-1807380825-edited-1024x683.jpg","type":"","width":"","height":""}],"twitter_card":"summary_large_image","twitter_misc":{"Est. reading time":"2 minutes"},"schema":{"@context":"https:\/\/schema.org","@graph":[{"@type":"WebPage","@id":"https:\/\/www.primacy.ca\/fr\/about-us\/","url":"https:\/\/www.primacy.ca\/fr\/about-us\/","name":"\u00c0 propos de nous - Primacy","isPartOf":{"@id":"https:\/\/www.primacy.ca\/fr\/#website"},"primaryImageOfPage":{"@id":"https:\/\/www.primacy.ca\/fr\/about-us\/#primaryimage"},"image":{"@id":"https:\/\/www.primacy.ca\/fr\/about-us\/#primaryimage"},"thumbnailUrl":"https:\/\/sites.calian.com\/app\/uploads\/sites\/12\/2025\/11\/iStock-1807380825-edited-1024x683.jpg","datePublished":"2025-10-31T18:43:08+00:00","dateModified":"2025-12-02T19:18:08+00:00","breadcrumb":{"@id":"https:\/\/www.primacy.ca\/fr\/about-us\/#breadcrumb"},"inLanguage":"fr-FR","potentialAction":[{"@type":"ReadAction","target":["https:\/\/www.primacy.ca\/fr\/about-us\/"]}]},{"@type":"ImageObject","inLanguage":"fr-FR","@id":"https:\/\/www.primacy.ca\/fr\/about-us\/#primaryimage","url":"https:\/\/sites.calian.com\/app\/uploads\/sites\/12\/2025\/11\/iStock-1807380825-edited-1024x683.jpg","contentUrl":"https:\/\/sites.calian.com\/app\/uploads\/sites\/12\/2025\/11\/iStock-1807380825-edited-1024x683.jpg"},{"@type":"BreadcrumbList","@id":"https:\/\/www.primacy.ca\/fr\/about-us\/#breadcrumb","itemListElement":[{"@type":"ListItem","position":1,"name":"Home","item":"https:\/\/www.primacy.ca\/fr\/"},{"@type":"ListItem","position":2,"name":"\u00c0 propos de nous"}]},{"@type":"WebSite","@id":"https:\/\/www.primacy.ca\/fr\/#website","url":"https:\/\/www.primacy.ca\/fr\/","name":"Primacy","description":"Primacy Management Inc.","potentialAction":[{"@type":"SearchAction","target":{"@type":"EntryPoint","urlTemplate":"https:\/\/www.primacy.ca\/fr\/?s={search_term_string}"},"query-input":{"@type":"PropertyValueSpecification","valueRequired":true,"valueName":"search_term_string"}}],"inLanguage":"fr-FR"}]}},"_links":{"self":[{"href":"https:\/\/primacy.calian.com\/fr\/wp-json\/wp\/v2\/pages\/80","targetHints":{"allow":["GET"]}}],"collection":[{"href":"https:\/\/primacy.calian.com\/fr\/wp-json\/wp\/v2\/pages"}],"about":[{"href":"https:\/\/primacy.calian.com\/fr\/wp-json\/wp\/v2\/types\/page"}],"author":[{"embeddable":true,"href":"https:\/\/primacy.calian.com\/fr\/wp-json\/wp\/v2\/users\/1"}],"replies":[{"embeddable":true,"href":"https:\/\/primacy.calian.com\/fr\/wp-json\/wp\/v2\/comments?post=80"}],"version-history":[{"count":3,"href":"https:\/\/primacy.calian.com\/fr\/wp-json\/wp\/v2\/pages\/80\/revisions"}],"predecessor-version":[{"id":287,"href":"https:\/\/primacy.calian.com\/fr\/wp-json\/wp\/v2\/pages\/80\/revisions\/287"}],"wp:attachment":[{"href":"https:\/\/primacy.calian.com\/fr\/wp-json\/wp\/v2\/media?parent=80"}],"wp:term":[{"taxonomy":"solution","embeddable":true,"href":"https:\/\/primacy.calian.com\/fr\/wp-json\/wp\/v2\/solution?post=80"},{"taxonomy":"industry","embeddable":true,"href":"https:\/\/primacy.calian.com\/fr\/wp-json\/wp\/v2\/industry?post=80"},{"taxonomy":"type_classification","embeddable":true,"href":"https:\/\/primacy.calian.com\/fr\/wp-json\/wp\/v2\/type_classification?post=80"}],"curies":[{"name":"wp","href":"https:\/\/api.w.org\/{rel}","templated":true}]}}